{"id":3753,"date":"2025-10-25T13:13:39","date_gmt":"2025-10-25T13:13:39","guid":{"rendered":"https:\/\/hosting.grahammiranda.com\/?page_id=3753"},"modified":"2025-10-25T13:13:59","modified_gmt":"2025-10-25T13:13:59","slug":"impressum-legal-notice","status":"publish","type":"page","link":"https:\/\/hosting.grahammiranda.com\/de\/legal\/impressum-legal-notice\/","title":{"rendered":"Impressum \/ Legal Notice"},"content":{"rendered":"<h2 class=\"wp-block-heading\" id=\"h-impressum\">Impressum<\/h2>\n\n\n\n<p><strong>Angaben gem\u00e4\u00df \u00a7 5 TMG<\/strong><\/p>\n\n\n\n\n\n<p><strong>Kontakt:<\/strong><br>Telefon: +49 15678 397267<br>E-Mail: <a rel=\"noreferrer noopener\" target=\"_blank\" href=\"mailto:legal@grahammiranda.com\">legal@grahammiranda.com<\/a><\/p>\n\n\n\n<p><strong>Umsatzsteuer:<\/strong><br>Steuernummer: 117\/249\/02725<br>Gem\u00e4\u00df Kleinunternehmerregelung wird keine Umsatzsteuer ausgewiesen.<br>Gem\u00e4\u00df \u00a7 19 UStG wird keine Umsatzsteuer berechnet.<\/p>\n\n\n\n<p><strong>Verantwortlich f\u00fcr den Inhalt nach \u00a7 55 RStV:<\/strong><br>Graham Miranda<br>Hasselfelder Str. 23<br>38889 Blankenburg (Harz)<br>Deutschland<\/p>\n\n\n\n<p><strong>Versicherung:<\/strong><br>IT-Haftpflichtversicherung bei Markel Insurance SE<br>Versicherungsscheinnummer: ON.MPI.64092<br>Deckungssummen:<br>Verm\u00f6genssch\u00e4den: 300.000 \u20ac<br>Personen-\/Sachsch\u00e4den: 3.000.000 \u20ac<\/p>\n\n\n\n<p><strong>Serverstandorte:<\/strong><br>Unsere Server und Dienstleistungen werden teilweise \u00fcber Rechenzentren in folgenden L\u00e4ndern bereitgestellt:<\/p>\n\n\n\n<ul class=\"wp-block-list\">\n<li>USA (Hosting- und E-Mail-Services)<\/li>\n\n\n\n<li>Frankreich (Hosting-Services)<\/li>\n\n\n\n<li>Deutschland (Administrative Daten)<\/li>\n<\/ul>\n\n\n\n<p>Bei Nutzung unserer Services erfolgt eine Daten\u00fcbertragung in die entsprechenden L\u00e4nder. Entsprechende Schutzma\u00dfnahmen nach Art. 44 ff. DSGVO sind implementiert.<\/p>\n\n\n\n<p><strong>Streitschlichtung:<\/strong><br>Wir sind nicht bereit oder verpflichtet, an Streitbeilegungsverfahren vor einer Verbraucherschlichtungsstelle teilzunehmen.<br>Die Europ\u00e4ische Kommission stellt eine Plattform zur Online-Streitbeilegung (OS) bereit: <a rel=\"noreferrer noopener\" target=\"_blank\" href=\"https:\/\/ec.europa.eu\/consumers\/odr\/\">https:\/\/ec.europa.eu\/consumers\/odr\/<\/a><\/p>\n\n\n\n<p><strong>Haftungsausschluss f\u00fcr Inhalte:<\/strong><br>Als Diensteanbieter sind wir gem\u00e4\u00df \u00a7 7 Abs.1 TMG f\u00fcr eigene Inhalte auf diesen Seiten nach den allgemeinen Gesetzen verantwortlich. Nach \u00a7\u00a7 8 bis 10 TMG sind wir als Diensteanbieter jedoch nicht verpflichtet, \u00fcbermittelte oder gespeicherte fremde Informationen zu \u00fcberwachen oder nach Umst\u00e4nden zu forschen, die auf eine rechtswidrige T\u00e4tigkeit hinweisen.<\/p>\n\n\n\n<p><strong>Stand:<\/strong> 26. Oktober 2025<\/p>\n\n\n\n<h2 class=\"wp-block-heading\" id=\"legal-notice\">Legal Notice<\/h2>\n\n\n\n<p><strong>Information pursuant to \u00a7 5 German Telemedia Act (TMG)<\/strong><\/p>\n\n\n\n<p>Graham Miranda<br>Hasselfelder Str. 23<br>38889 Blankenburg (Harz)<br>Germany<br>D-U-N-S\u00ae Number: 316 856 052<\/p>\n\n\n\n<p><strong>Contact:<\/strong><br>Phone: +49 15678 397267<br>Email: <a rel=\"noreferrer noopener\" target=\"_blank\" href=\"mailto:legal@grahammiranda.com\">legal@grahammiranda.com<\/a><\/p>\n\n\n\n<p><strong>VAT Information:<\/strong><br>Tax number: 117\/249\/02725<br>Under the German small-business regulation (\u201cKleinunternehmerregelung\u201d) no VAT is shown.<br>In accordance with \u00a7 19 UStG, no value added tax is charged.<\/p>\n\n\n\n<p><strong>Responsible for content pursuant to \u00a7 55 Interstate Broadcasting Treaty (RStV):<\/strong><br>Graham Miranda<br>Hasselfelder Str. 23<br>38889 Blankenburg (Harz)<br>Germany<\/p>\n\n\n\n<p><strong>Insurance:<\/strong><br>IT liability insurance with Markel Insurance SE<br>Policy number: ON.MPI.64092<br>Coverage amounts:<br>Financial losses: \u20ac300,000<br>Personal\/property damage: \u20ac3,000,000<\/p>\n\n\n\n<p><strong>Server Locations:<\/strong><br>Our servers and services are partially provided through data centers in the following countries:<\/p>\n\n\n\n<ul class=\"wp-block-list\">\n<li>USA (hosting and email services)<\/li>\n\n\n\n<li>France (hosting services)<\/li>\n\n\n\n<li>Germany (administrative data)<\/li>\n<\/ul>\n\n\n\n<p>When using our services, data transfer to the respective countries occurs. Appropriate protective measures according to Art. 44 ff. GDPR are implemented.<\/p>\n\n\n\n<p><strong>Consumer Dispute Resolution:<\/strong><br>We are not willing or obliged to participate in dispute resolution proceedings before a consumer arbitration board.<br>The European Commission provides a platform for online dispute resolution (ODR): <a rel=\"noreferrer noopener\" target=\"_blank\" href=\"https:\/\/ec.europa.eu\/consumers\/odr\/\">https:\/\/ec.europa.eu\/consumers\/odr\/<\/a><\/p>\n\n\n\n<p><strong>Content Disclaimer:<\/strong><br>As a service provider, we are liable for our own content on these pages in accordance with general laws pursuant to Section 7, para. 1 of the TMG. However, pursuant to Sections 8 to 10 of the TMG, we are not under obligation to monitor third-party information transmitted or stored or to investigate circumstances pointing to illegal activity.<\/p>\n\n\n\n<p><strong>Last Updated:<\/strong> 26 October 2025<\/p>","protected":false},"excerpt":{"rendered":"<p>Impressum\ufeff Angaben gem\u00e4\u00df \u00a7 5 TMG Kontakt:Telefon: +49 15678 397267E-Mail: legal@grahammiranda.com Umsatzsteuer:Steuernummer: 117\/249\/02725Gem\u00e4\u00df Kleinunternehmerregelung wird keine Umsatzsteuer ausgewiesen.Gem\u00e4\u00df \u00a7 19 UStG wird keine Umsatzsteuer berechnet. Verantwortlich f\u00fcr den Inhalt nach \u00a7 55 RStV:Graham MirandaHasselfelder Str. 2338889 Blankenburg (Harz)Deutschland Versicherung:IT-Haftpflichtversicherung bei Markel Insurance SEVersicherungsscheinnummer: ON.MPI.64092Deckungssummen:Verm\u00f6genssch\u00e4den: 300.000 \u20acPersonen-\/Sachsch\u00e4den: 3.000.000 \u20ac Serverstandorte:Unsere Server und Dienstleistungen werden teilweise \u00fcber [&hellip;]<\/p>","protected":false},"author":1,"featured_media":0,"parent":0,"menu_order":0,"comment_status":"closed","ping_status":"closed","template":"","meta":{"footnotes":""},"class_list":["post-3753","page","type-page","status-publish","hentry"],"yoast_head":"<!-- This site is optimized with the Yoast SEO Premium plugin v26.4 (Yoast SEO v26.4) - https:\/\/yoast.com\/wordpress\/plugins\/seo\/ -->\n<title>Impressum \/ Legal Notice - Graham Miranda Hosting<\/title>\n<meta name=\"description\" content=\"Legal notice and impressum for Graham Miranda IT services. Contact information, insurance details, and server locations. \u00a7 5 TMG compliant.\" \/>\n<meta name=\"robots\" content=\"index, follow, max-snippet:-1, max-image-preview:large, max-video-preview:-1\" \/>\n<link rel=\"canonical\" href=\"https:\/\/hosting.grahammiranda.com\/de\/legal\/impressum-legal-notice\/\" \/>\n<meta property=\"og:locale\" content=\"de_DE\" \/>\n<meta property=\"og:type\" content=\"article\" \/>\n<meta property=\"og:title\" content=\"Impressum \/ Legal Notice\" \/>\n<meta property=\"og:description\" content=\"Legal notice and impressum for Graham Miranda IT services. Contact information, insurance details, and server locations. \u00a7 5 TMG compliant.\" \/>\n<meta property=\"og:url\" content=\"https:\/\/hosting.grahammiranda.com\/de\/legal\/impressum-legal-notice\/\" \/>\n<meta property=\"og:site_name\" content=\"Graham Miranda Hosting\" \/>\n<meta property=\"article:modified_time\" content=\"2025-10-25T13:13:59+00:00\" \/>\n<meta name=\"twitter:card\" content=\"summary_large_image\" \/>\n<meta name=\"twitter:label1\" content=\"Gesch\u00e4tzte Lesezeit\" \/>\n\t<meta name=\"twitter:data1\" content=\"2\u00a0Minuten\" \/>\n<script type=\"application\/ld+json\" class=\"yoast-schema-graph\">{\"@context\":\"https:\/\/schema.org\",\"@graph\":[{\"@type\":\"WebPage\",\"@id\":\"https:\/\/hosting.grahammiranda.com\/de\/legal\/impressum-legal-notice\/\",\"url\":\"https:\/\/hosting.grahammiranda.com\/de\/legal\/impressum-legal-notice\/\",\"name\":\"Impressum \/ Legal Notice - Graham Miranda Hosting\",\"isPartOf\":{\"@id\":\"https:\/\/hosting.grahammiranda.com\/de\/#website\"},\"datePublished\":\"2025-10-25T13:13:39+00:00\",\"dateModified\":\"2025-10-25T13:13:59+00:00\",\"description\":\"Legal notice and impressum for Graham Miranda IT services. Contact information, insurance details, and server locations. \u00a7 5 TMG compliant.\",\"breadcrumb\":{\"@id\":\"https:\/\/hosting.grahammiranda.com\/de\/legal\/impressum-legal-notice\/#breadcrumb\"},\"inLanguage\":\"de\",\"potentialAction\":[{\"@type\":\"ReadAction\",\"target\":[\"https:\/\/hosting.grahammiranda.com\/de\/legal\/impressum-legal-notice\/\"]}]},{\"@type\":\"BreadcrumbList\",\"@id\":\"https:\/\/hosting.grahammiranda.com\/de\/legal\/impressum-legal-notice\/#breadcrumb\",\"itemListElement\":[{\"@type\":\"ListItem\",\"position\":1,\"name\":\"Home\",\"item\":\"https:\/\/hosting.grahammiranda.com\/\"},{\"@type\":\"ListItem\",\"position\":2,\"name\":\"Impressum \/ Legal Notice\"}]},{\"@type\":\"WebSite\",\"@id\":\"https:\/\/hosting.grahammiranda.com\/de\/#website\",\"url\":\"https:\/\/hosting.grahammiranda.com\/de\/\",\"name\":\"Graham Miranda Hosting\",\"description\":\"\",\"publisher\":{\"@id\":\"https:\/\/hosting.grahammiranda.com\/de\/#organization\"},\"potentialAction\":[{\"@type\":\"SearchAction\",\"target\":{\"@type\":\"EntryPoint\",\"urlTemplate\":\"https:\/\/hosting.grahammiranda.com\/de\/?s={search_term_string}\"},\"query-input\":{\"@type\":\"PropertyValueSpecification\",\"valueRequired\":true,\"valueName\":\"search_term_string\"}}],\"inLanguage\":\"de\"},{\"@type\":\"Organization\",\"@id\":\"https:\/\/hosting.grahammiranda.com\/de\/#organization\",\"name\":\"Graham Miranda\",\"url\":\"https:\/\/hosting.grahammiranda.com\/de\/\",\"logo\":{\"@type\":\"ImageObject\",\"inLanguage\":\"de\",\"@id\":\"https:\/\/hosting.grahammiranda.com\/de\/#\/schema\/logo\/image\/\",\"url\":\"https:\/\/hosting.grahammiranda.com\/wp-content\/uploads\/2025\/10\/IMAGEFINAL-img-scaled.webp\",\"contentUrl\":\"https:\/\/hosting.grahammiranda.com\/wp-content\/uploads\/2025\/10\/IMAGEFINAL-img-scaled.webp\",\"width\":2560,\"height\":2560,\"caption\":\"Graham Miranda\"},\"image\":{\"@id\":\"https:\/\/hosting.grahammiranda.com\/de\/#\/schema\/logo\/image\/\"}}]}<\/script>\n<!-- \/ Yoast SEO Premium plugin. -->","yoast_head_json":{"title":"Impressum \/ Legal Notice - Graham Miranda Hosting","description":"Legal notice and impressum for Graham Miranda IT services. Contact information, insurance details, and server locations. \u00a7 5 TMG compliant.","robots":{"index":"index","follow":"follow","max-snippet":"max-snippet:-1","max-image-preview":"max-image-preview:large","max-video-preview":"max-video-preview:-1"},"canonical":"https:\/\/hosting.grahammiranda.com\/de\/legal\/impressum-legal-notice\/","og_locale":"de_DE","og_type":"article","og_title":"Impressum \/ Legal Notice","og_description":"Legal notice and impressum for Graham Miranda IT services. Contact information, insurance details, and server locations. \u00a7 5 TMG compliant.","og_url":"https:\/\/hosting.grahammiranda.com\/de\/legal\/impressum-legal-notice\/","og_site_name":"Graham Miranda Hosting","article_modified_time":"2025-10-25T13:13:59+00:00","twitter_card":"summary_large_image","twitter_misc":{"Gesch\u00e4tzte Lesezeit":"2\u00a0Minuten"},"schema":{"@context":"https:\/\/schema.org","@graph":[{"@type":"WebPage","@id":"https:\/\/hosting.grahammiranda.com\/de\/legal\/impressum-legal-notice\/","url":"https:\/\/hosting.grahammiranda.com\/de\/legal\/impressum-legal-notice\/","name":"Impressum \/ Legal Notice - Graham Miranda Hosting","isPartOf":{"@id":"https:\/\/hosting.grahammiranda.com\/de\/#website"},"datePublished":"2025-10-25T13:13:39+00:00","dateModified":"2025-10-25T13:13:59+00:00","description":"Legal notice and impressum for Graham Miranda IT services. Contact information, insurance details, and server locations. \u00a7 5 TMG compliant.","breadcrumb":{"@id":"https:\/\/hosting.grahammiranda.com\/de\/legal\/impressum-legal-notice\/#breadcrumb"},"inLanguage":"de","potentialAction":[{"@type":"ReadAction","target":["https:\/\/hosting.grahammiranda.com\/de\/legal\/impressum-legal-notice\/"]}]},{"@type":"BreadcrumbList","@id":"https:\/\/hosting.grahammiranda.com\/de\/legal\/impressum-legal-notice\/#breadcrumb","itemListElement":[{"@type":"ListItem","position":1,"name":"Home","item":"https:\/\/hosting.grahammiranda.com\/"},{"@type":"ListItem","position":2,"name":"Impressum \/ Legal Notice"}]},{"@type":"WebSite","@id":"https:\/\/hosting.grahammiranda.com\/de\/#website","url":"https:\/\/hosting.grahammiranda.com\/de\/","name":"Graham Miranda Hosting","description":"","publisher":{"@id":"https:\/\/hosting.grahammiranda.com\/de\/#organization"},"potentialAction":[{"@type":"SearchAction","target":{"@type":"EntryPoint","urlTemplate":"https:\/\/hosting.grahammiranda.com\/de\/?s={search_term_string}"},"query-input":{"@type":"PropertyValueSpecification","valueRequired":true,"valueName":"search_term_string"}}],"inLanguage":"de"},{"@type":"Organization","@id":"https:\/\/hosting.grahammiranda.com\/de\/#organization","name":"Graham Miranda","url":"https:\/\/hosting.grahammiranda.com\/de\/","logo":{"@type":"ImageObject","inLanguage":"de","@id":"https:\/\/hosting.grahammiranda.com\/de\/#\/schema\/logo\/image\/","url":"https:\/\/hosting.grahammiranda.com\/wp-content\/uploads\/2025\/10\/IMAGEFINAL-img-scaled.webp","contentUrl":"https:\/\/hosting.grahammiranda.com\/wp-content\/uploads\/2025\/10\/IMAGEFINAL-img-scaled.webp","width":2560,"height":2560,"caption":"Graham Miranda"},"image":{"@id":"https:\/\/hosting.grahammiranda.com\/de\/#\/schema\/logo\/image\/"}}]}},"_links":{"self":[{"href":"https:\/\/hosting.grahammiranda.com\/de\/wp-json\/wp\/v2\/pages\/3753","targetHints":{"allow":["GET"]}}],"collection":[{"href":"https:\/\/hosting.grahammiranda.com\/de\/wp-json\/wp\/v2\/pages"}],"about":[{"href":"https:\/\/hosting.grahammiranda.com\/de\/wp-json\/wp\/v2\/types\/page"}],"author":[{"embeddable":true,"href":"https:\/\/hosting.grahammiranda.com\/de\/wp-json\/wp\/v2\/users\/1"}],"replies":[{"embeddable":true,"href":"https:\/\/hosting.grahammiranda.com\/de\/wp-json\/wp\/v2\/comments?post=3753"}],"version-history":[{"count":1,"href":"https:\/\/hosting.grahammiranda.com\/de\/wp-json\/wp\/v2\/pages\/3753\/revisions"}],"predecessor-version":[{"id":3764,"href":"https:\/\/hosting.grahammiranda.com\/de\/wp-json\/wp\/v2\/pages\/3753\/revisions\/3764"}],"wp:attachment":[{"href":"https:\/\/hosting.grahammiranda.com\/de\/wp-json\/wp\/v2\/media?parent=3753"}],"curies":[{"name":"wp","href":"https:\/\/api.w.org\/{rel}","templated":true}]}}