{"id":3862,"date":"2025-10-26T17:52:11","date_gmt":"2025-10-26T17:52:11","guid":{"rendered":"https:\/\/hosting.grahammiranda.com\/?page_id=3862"},"modified":"2025-10-26T17:58:05","modified_gmt":"2025-10-26T17:58:05","slug":"legal-cookie-richtlinie","status":"publish","type":"page","link":"https:\/\/hosting.grahammiranda.com\/de\/legal\/cookie-richtlinie\/","title":{"rendered":"Cookie-Richtlinie"},"content":{"rendered":"<p><strong>Graham Miranda<\/strong><br>Graham Miranda Hosting<br>Hasselfelder Stra\u00dfe 23<br>38889 Blankenburg (Harz), Deutschland<\/p>\n\n\n\n<p>Stand: 25. Oktober 2025<\/p>\n\n\n\n<hr class=\"wp-block-separator has-alpha-channel-opacity\"\/>\n\n\n\n<h3 class=\"wp-block-heading\" id=\"h-1-einleitung\">1. Einleitung<\/h3>\n\n\n\n<p>Diese Cookie-Richtlinie erl\u00e4utert, wie Hosting.GrahamMiranda.com (&#8220;wir&#8221;, &#8220;uns&#8221;, &#8220;unser&#8221;) Cookies und \u00e4hnliche Technologien verwendet, wenn Sie unsere Website besuchen. Diese Richtlinie beschreibt, was Cookies sind, welche Cookies wir verwenden, warum wir sie verwenden und wie Sie Ihre Cookie-Pr\u00e4ferenzen kontrollieren k\u00f6nnen.<\/p>\n\n\n\n<p>Diese Richtlinie steht im Einklang mit:<\/p>\n\n\n\n<ul class=\"wp-block-list\">\n<li>Der Datenschutz-Grundverordnung (DSGVO)<\/li>\n\n\n\n<li>Dem Telekommunikation-Digitale-Dienste-Datenschutz-Gesetz (TDDDG), insbesondere \u00a7 25 TDDDG<\/li>\n\n\n\n<li>Den Richtlinien der Datenschutzkonferenz (DSK)<\/li>\n<\/ul>\n\n\n\n<h3 class=\"wp-block-heading\" id=\"h-2-was-sind-cookies\">2. Was sind Cookies?<\/h3>\n\n\n\n<p>Cookies sind kleine Textdateien, die auf Ihrem Endger\u00e4t (Computer, Smartphone, Tablet) gespeichert werden, wenn Sie eine Website besuchen. Cookies erm\u00f6glichen es der Website, Ihr Ger\u00e4t zu erkennen und bestimmte Informationen \u00fcber Ihren Besuch zu speichern.<\/p>\n\n\n\n<p>\u00c4hnliche Technologien umfassen:<\/p>\n\n\n\n<ul class=\"wp-block-list\">\n<li><strong>Local Storage<\/strong>: Speicherung von Daten im Browser ohne Ablaufdatum<\/li>\n\n\n\n<li><strong>Session Storage<\/strong>: Tempor\u00e4re Speicherung w\u00e4hrend der Browser-Sitzung<\/li>\n\n\n\n<li><strong>Web Beacons<\/strong>: Kleine transparente Grafiken zur Nachverfolgung von Nutzerverhalten<\/li>\n\n\n\n<li><strong>Fingerprinting<\/strong>: Sammlung von Ger\u00e4teinformationen zur Identifikation<\/li>\n<\/ul>\n\n\n\n<h3 class=\"wp-block-heading\" id=\"h-3-welche-arten-von-cookies-verwenden-wir\">3. Welche Arten von Cookies verwenden wir?<\/h3>\n\n\n\n<h4 class=\"wp-block-heading\" id=\"h-3-1-unbedingt-erforderliche-cookies-strictly-necessary-cookies\">3.1 Unbedingt erforderliche Cookies (Strictly Necessary Cookies)<\/h4>\n\n\n\n<p>Diese Cookies sind f\u00fcr den Betrieb unserer Website unerl\u00e4sslich und k\u00f6nnen in unseren Systemen nicht deaktiviert werden. Sie werden in der Regel nur als Reaktion auf von Ihnen get\u00e4tigte Aktionen gesetzt, die einer Anforderung von Diensten gleichkommen, wie etwa das Festlegen Ihrer Datenschutzeinstellungen, das Anmelden oder das Ausf\u00fcllen von Formularen.<\/p>\n\n\n\n<p><strong>Rechtsgrundlage:<\/strong> \u00a7 25 Abs. 2 TDDDG (keine Einwilligung erforderlich)<\/p>\n\n\n\n<p><strong>Verwendete Cookies:<\/strong><\/p>\n\n\n\n<figure class=\"wp-block-table\"><table class=\"has-fixed-layout\"><thead><tr><th>Cookie-Name<\/th><th>Zweck<\/th><th>Laufzeit<\/th><th>Anbieter<\/th><\/tr><\/thead><tbody><tr><td>session_id<\/td><td>Verwaltung der Benutzersitzung<\/td><td>Sitzung<\/td><td>Hosting.GrahamMiranda.com<\/td><\/tr><tr><td>csrf_token<\/td><td>Schutz vor Cross-Site-Request-Forgery-Angriffen<\/td><td>Sitzung<\/td><td>Hosting.GrahamMiranda.com<\/td><\/tr><tr><td>cookie_consent<\/td><td>Speicherung Ihrer Cookie-Einstellungen<\/td><td>12 Monate<\/td><td>Hosting.GrahamMiranda.com<\/td><\/tr><tr><td>auth_token<\/td><td>Authentifizierung eingeloggter Benutzer<\/td><td>30 Tage<\/td><td>Hosting.GrahamMiranda.com<\/td><\/tr><\/tbody><\/table><\/figure>\n\n\n\n<h4 class=\"wp-block-heading\" id=\"h-3-2-funktionale-cookies-functional-cookies\">3.2 Funktionale Cookies (Functional Cookies)<\/h4>\n\n\n\n<p>Diese Cookies erm\u00f6glichen es der Website, erweiterte Funktionalit\u00e4t und Personalisierung bereitzustellen. Sie k\u00f6nnen von uns oder von Drittanbietern gesetzt werden, deren Dienste wir zu unseren Seiten hinzugef\u00fcgt haben.<\/p>\n\n\n\n<p><strong>Rechtsgrundlage:<\/strong> Art. 6 Abs. 1 lit. a DSGVO (Einwilligung erforderlich)<\/p>\n\n\n\n<p><strong>Verwendete Cookies:<\/strong><\/p>\n\n\n\n<figure class=\"wp-block-table\"><table class=\"has-fixed-layout\"><thead><tr><th>Cookie-Name<\/th><th>Zweck<\/th><th>Laufzeit<\/th><th>Anbieter<\/th><\/tr><\/thead><tbody><tr><td>language_preference<\/td><td>Speicherung Ihrer Spracheinstellung<\/td><td>12 Monate<\/td><td>Hosting.GrahamMiranda.com<\/td><\/tr><tr><td>theme_preference<\/td><td>Speicherung Ihres bevorzugten Designs (hell\/dunkel)<\/td><td>12 Monate<\/td><td>Hosting.GrahamMiranda.com<\/td><\/tr><tr><td>timezone<\/td><td>Speicherung Ihrer Zeitzoneneinstellung<\/td><td>6 Monate<\/td><td>Hosting.GrahamMiranda.com<\/td><\/tr><\/tbody><\/table><\/figure>\n\n\n\n<h4 class=\"wp-block-heading\" id=\"h-3-3-analyse-cookies-analytics-cookies\">3.3 Analyse-Cookies (Analytics Cookies)<\/h4>\n\n\n\n<p>Diese Cookies erm\u00f6glichen es uns, Besuche und Verkehrsquellen zu z\u00e4hlen, damit wir die Leistung unserer Website messen und verbessern k\u00f6nnen. Sie helfen uns zu verstehen, welche Seiten am beliebtesten sind und wie Besucher sich auf der Website bewegen.<\/p>\n\n\n\n<p><strong>Rechtsgrundlage:<\/strong> Art. 6 Abs. 1 lit. a DSGVO (Einwilligung erforderlich)<\/p>\n\n\n\n<p><strong>Verwendete Cookies (falls aktiviert):<\/strong><\/p>\n\n\n\n<figure class=\"wp-block-table\"><table class=\"has-fixed-layout\"><thead><tr><th>Cookie-Name<\/th><th>Zweck<\/th><th>Laufzeit<\/th><th>Anbieter<\/th><\/tr><\/thead><tbody><tr><td>_ga<\/td><td>Unterscheidung eindeutiger Benutzer<\/td><td>2 Jahre<\/td><td>Google Analytics<\/td><\/tr><tr><td>_gid<\/td><td>Unterscheidung eindeutiger Benutzer<\/td><td>24 Stunden<\/td><td>Google Analytics<\/td><\/tr><tr><td>_gat<\/td><td>Drosselung der Anforderungsrate<\/td><td>1 Minute<\/td><td>Google Analytics<\/td><\/tr><\/tbody><\/table><\/figure>\n\n\n\n<p><strong>Hinweis:<\/strong> Wir verwenden Google Analytics nur mit aktivierter IP-Anonymisierung und haben einen Auftragsverarbeitungsvertrag mit Google abgeschlossen.<\/p>\n\n\n\n<h4 class=\"wp-block-heading\" id=\"h-3-4-marketing-cookies-marketing-cookies\">3.4 Marketing-Cookies (Marketing Cookies)<\/h4>\n\n\n\n<p>Diese Cookies werden verwendet, um Besuchern auf Webseiten zu folgen. Die Absicht ist, Anzeigen zu zeigen, die relevant und ansprechend f\u00fcr den einzelnen Benutzer sind.<\/p>\n\n\n\n<p><strong>Rechtsgrundlage:<\/strong> Art. 6 Abs. 1 lit. a DSGVO (Einwilligung erforderlich)<\/p>\n\n\n\n<p><strong>Aktueller Status:<\/strong> Wir verwenden derzeit keine Marketing-Cookies.<\/p>\n\n\n\n<h3 class=\"wp-block-heading\" id=\"h-4-cookies-von-drittanbietern\">4. Cookies von Drittanbietern<\/h3>\n\n\n\n<p>Wir setzen Dienste von Drittanbietern ein, die m\u00f6glicherweise eigene Cookies setzen:<\/p>\n\n\n\n<h4 class=\"wp-block-heading\" id=\"h-4-1-cloudflare-cdn-und-sicherheit\">4.1 Cloudflare (CDN und Sicherheit)<\/h4>\n\n\n\n<p><strong>Zweck:<\/strong> Content Delivery Network, DDoS-Schutz, Web Application Firewall<br><strong>Cookies:<\/strong> __cf_bm, __cfruid, __cfduid (veraltet)<br><strong>Laufzeit:<\/strong> 30 Minuten bis 1 Jahr<br><strong>Datenschutzerkl\u00e4rung:<\/strong> https:\/\/www.cloudflare.com\/de-de\/privacypolicy\/<br><strong>Rechtsgrundlage:<\/strong> Berechtigtes Interesse (Art. 6 Abs. 1 lit. f DSGVO) zur Gew\u00e4hrleistung der Sicherheit und Verf\u00fcgbarkeit<\/p>\n\n\n\n<h4 class=\"wp-block-heading\" id=\"h-4-2-icloud-private-relay\">4.2 iCloud Private Relay<\/h4>\n\n\n\n<p><strong>Zweck:<\/strong> E-Mail-Dienste<br><strong>Datenschutzerkl\u00e4rung:<\/strong> https:\/\/www.apple.com\/legal\/privacy\/<br><strong>Hinweis:<\/strong> iCloud Private Relay anonymisiert IP-Adressen bei der E-Mail-\u00dcbermittlung<\/p>\n\n\n\n<h3 class=\"wp-block-heading\" id=\"h-5-ihre-rechte-und-einwilligungsverwaltung\">5. Ihre Rechte und Einwilligungsverwaltung<\/h3>\n\n\n\n<h4 class=\"wp-block-heading\" id=\"h-5-1-einwilligung\">5.1 Einwilligung<\/h4>\n\n\n\n<p>Gem\u00e4\u00df \u00a7 25 Abs. 1 TDDDG und Art. 7 DSGVO ben\u00f6tigen wir Ihre Einwilligung f\u00fcr nicht unbedingt erforderliche Cookies. Ihre Einwilligung muss:<\/p>\n\n\n\n<ul class=\"wp-block-list\">\n<li><strong>Freiwillig<\/strong> erfolgen &#8211; keine Zwang oder negative Konsequenzen bei Ablehnung<\/li>\n\n\n\n<li><strong>Informiert<\/strong> sein &#8211; Sie erhalten alle relevanten Informationen<\/li>\n\n\n\n<li><strong>Spezifisch<\/strong> sein &#8211; separate Einwilligung f\u00fcr verschiedene Zwecke<\/li>\n\n\n\n<li><strong>Eindeutig<\/strong> sein &#8211; durch aktive Handlung (kein vorausgew\u00e4hltes K\u00e4stchen)<\/li>\n<\/ul>\n\n\n\n<h4 class=\"wp-block-heading\" id=\"h-5-2-cookie-banner\">5.2 Cookie-Banner<\/h4>\n\n\n\n<p>Beim ersten Besuch unserer Website erscheint ein Cookie-Banner mit folgenden Optionen:<\/p>\n\n\n\n<ul class=\"wp-block-list\">\n<li><strong>Alle akzeptieren<\/strong> &#8211; Zustimmung zu allen Cookie-Kategorien<\/li>\n\n\n\n<li><strong>Alle ablehnen<\/strong> &#8211; Nur unbedingt erforderliche Cookies<\/li>\n\n\n\n<li><strong>Einstellungen anpassen<\/strong> &#8211; Granulare Auswahl einzelner Kategorien<\/li>\n<\/ul>\n\n\n\n<h4 class=\"wp-block-heading\" id=\"h-5-3-widerruf-der-einwilligung\">5.3 Widerruf der Einwilligung<\/h4>\n\n\n\n<p>Sie k\u00f6nnen Ihre Einwilligung jederzeit mit Wirkung f\u00fcr die Zukunft widerrufen:<\/p>\n\n\n\n<ul class=\"wp-block-list\">\n<li>\u00dcber die Cookie-Einstellungen am Ende jeder Seite<\/li>\n\n\n\n<li>Durch L\u00f6schen der Cookies in Ihren Browser-Einstellungen<\/li>\n\n\n\n<li>Per E-Mail an: privacy@hosting.grahammiranda.com<\/li>\n<\/ul>\n\n\n\n<p>Der Widerruf ist so einfach wie die Erteilung der Einwilligung.<\/p>\n\n\n\n<h3 class=\"wp-block-heading\" id=\"h-6-browser-einstellungen\">6. Browser-Einstellungen<\/h3>\n\n\n\n<p>Sie k\u00f6nnen Cookies auch \u00fcber Ihre Browser-Einstellungen verwalten:<\/p>\n\n\n\n<p><strong>Google Chrome:<\/strong><br>Einstellungen \u2192 Datenschutz und Sicherheit \u2192 Cookies und andere Websitedaten<\/p>\n\n\n\n<p><strong>Mozilla Firefox:<\/strong><br>Einstellungen \u2192 Datenschutz &amp; Sicherheit \u2192 Cookies und Website-Daten<\/p>\n\n\n\n<p><strong>Safari:<\/strong><br>Einstellungen \u2192 Datenschutz \u2192 Cookies und Website-Daten<\/p>\n\n\n\n<p><strong>Microsoft Edge:<\/strong><br>Einstellungen \u2192 Datenschutz, Suche und Dienste \u2192 Cookies und Websiteberechtigungen<\/p>\n\n\n\n<p><strong>Hinweis:<\/strong> Die Deaktivierung bestimmter Cookies kann die Funktionalit\u00e4t unserer Website beeintr\u00e4chtigen.<\/p>\n\n\n\n<h3 class=\"wp-block-heading\" id=\"h-7-do-not-track-dnt\">7. Do Not Track (DNT)<\/h3>\n\n\n\n<p>Wir respektieren das &#8220;Do Not Track&#8221;-Signal Ihres Browsers. Wenn DNT aktiviert ist, setzen wir keine Analyse- oder Marketing-Cookies.<\/p>\n\n\n\n<h3 class=\"wp-block-heading\" id=\"h-8-datenubermittlung-in-drittlander\">8. Daten\u00fcbermittlung in Drittl\u00e4nder<\/h3>\n\n\n\n<p>Einige unserer Drittanbieter (z.B. Google Analytics, falls aktiviert) k\u00f6nnen Daten in die USA \u00fcbermitteln. Diese \u00dcbermittlungen erfolgen auf Grundlage:<\/p>\n\n\n\n<ul class=\"wp-block-list\">\n<li>Angemessenheitsbeschl\u00fcssen der EU-Kommission<\/li>\n\n\n\n<li>Standardvertragsklauseln (Art. 46 Abs. 2 lit. c DSGVO)<\/li>\n\n\n\n<li>Ihrer ausdr\u00fccklichen Einwilligung (Art. 49 Abs. 1 lit. a DSGVO)<\/li>\n<\/ul>\n\n\n\n<h3 class=\"wp-block-heading\" id=\"h-9-speicherdauer\">9. Speicherdauer<\/h3>\n\n\n\n<p>Die Speicherdauer der Cookies ist in den obigen Tabellen angegeben. Nach Ablauf der Speicherdauer werden die Cookies automatisch gel\u00f6scht.<\/p>\n\n\n\n<h3 class=\"wp-block-heading\" id=\"h-10-kontakt\">10. Kontakt<\/h3>\n\n\n\n<p>Bei Fragen zu unserer Cookie-Richtlinie kontaktieren Sie uns:<\/p>\n\n\n\n<p><strong>E-Mail:<\/strong> privacy@hosting.grahammiranda.com<br><strong>Postadresse:<\/strong> Graham Miranda, Hasselfelder Stra\u00dfe 23, 38889 Blankenburg (Harz), Deutschland<\/p>\n\n\n\n<h3 class=\"wp-block-heading\" id=\"h-11-anderungen-dieser-richtlinie\">11. \u00c4nderungen dieser Richtlinie<\/h3>\n\n\n\n<p>Wir behalten uns das Recht vor, diese Cookie-Richtlinie jederzeit zu \u00e4ndern. Die aktuelle Version ist immer auf unserer Website verf\u00fcgbar. Bei wesentlichen \u00c4nderungen werden wir Sie informieren und gegebenenfalls eine neue Einwilligung einholen.<\/p>\n\n\n\n<h2 class=\"wp-block-heading\" id=\"h-rechtliche-hinweise\">Rechtliche Hinweise <\/h2>\n\n\n\n<p><strong>Rechtsgrundlagen:<\/strong><\/p>\n\n\n\n<ul class=\"wp-block-list\">\n<li>DSGVO \/ GDPR (Regulation (EU) 2016\/679)<\/li>\n\n\n\n<li>TDDDG (Telekommunikation-Digitale-Dienste-Datenschutz-Gesetz)<\/li>\n\n\n\n<li>\u00a7 25 TDDDG (Cookie-Einwilligung \/ Cookie Consent)<\/li>\n\n\n\n<li>DSK-Richtlinien (Datenschutzkonferenz Guidelines)<\/li>\n<\/ul>\n\n\n\n<p><\/p>","protected":false},"excerpt":{"rendered":"<p>Graham MirandaGraham Miranda HostingHasselfelder Stra\u00dfe 2338889 Blankenburg (Harz), Deutschland Stand: 25. Oktober 2025 1. Einleitung Diese Cookie-Richtlinie erl\u00e4utert, wie Hosting.GrahamMiranda.com (&#8220;wir&#8221;, &#8220;uns&#8221;, &#8220;unser&#8221;) Cookies und \u00e4hnliche Technologien verwendet, wenn Sie unsere Website besuchen. Diese Richtlinie beschreibt, was Cookies sind, welche Cookies wir verwenden, warum wir sie verwenden und wie Sie Ihre Cookie-Pr\u00e4ferenzen kontrollieren k\u00f6nnen. Diese [&hellip;]<\/p>","protected":false},"author":1,"featured_media":0,"parent":0,"menu_order":0,"comment_status":"closed","ping_status":"closed","template":"","meta":{"footnotes":""},"class_list":["post-3862","page","type-page","status-publish","hentry"],"yoast_head":"<!-- This site is optimized with the Yoast SEO Premium plugin v26.4 (Yoast SEO v26.4) - https:\/\/yoast.com\/wordpress\/plugins\/seo\/ -->\n<title>Cookie-Richtlinie (DSGVO &amp; TTDSG konform) - Graham Miranda Hosting<\/title>\n<meta name=\"description\" content=\"Unsere Cookie-Richtlinie erkl\u00e4rt die Verwendung von Cookies. TTDSG \u00a7 25 und DSGVO-konform mit granularer Einwilligungsverwaltung. Transparent.\" \/>\n<meta name=\"robots\" content=\"index, follow, max-snippet:-1, max-image-preview:large, max-video-preview:-1\" \/>\n<link rel=\"canonical\" href=\"https:\/\/hosting.grahammiranda.com\/de\/legal\/cookie-richtlinie\/\" \/>\n<meta property=\"og:locale\" content=\"de_DE\" \/>\n<meta property=\"og:type\" content=\"article\" \/>\n<meta property=\"og:title\" content=\"Cookie-Richtlinie - DSGVO &amp; TTDSG konform\" \/>\n<meta property=\"og:description\" content=\"Erfahren Sie, wie wir Cookies verwenden. Vollst\u00e4ndige Transparenz mit DSGVO- und TTDSG-Konformit\u00e4t f\u00fcr Hosting-Dienste.\" \/>\n<meta property=\"og:url\" content=\"https:\/\/hosting.grahammiranda.com\/de\/legal\/cookie-richtlinie\/\" \/>\n<meta property=\"og:site_name\" content=\"Graham Miranda Hosting\" \/>\n<meta property=\"article:modified_time\" content=\"2025-10-26T17:58:05+00:00\" \/>\n<meta name=\"twitter:card\" content=\"summary_large_image\" \/>\n<meta name=\"twitter:title\" content=\"Cookie-Richtlinie - DSGVO &amp; TTDSG konform\" \/>\n<meta name=\"twitter:description\" content=\"Erfahren Sie, wie wir Cookies verwenden. Vollst\u00e4ndige Transparenz mit DSGVO- und TTDSG-Konformit\u00e4t f\u00fcr Hosting-Dienste.\" \/>\n<meta name=\"twitter:label1\" content=\"Gesch\u00e4tzte Lesezeit\" \/>\n\t<meta name=\"twitter:data1\" content=\"5\u00a0Minuten\" \/>\n<script type=\"application\/ld+json\" class=\"yoast-schema-graph\">{\"@context\":\"https:\/\/schema.org\",\"@graph\":[{\"@type\":\"WebPage\",\"@id\":\"https:\/\/hosting.grahammiranda.com\/de\/legal\/cookie-richtlinie\/\",\"url\":\"https:\/\/hosting.grahammiranda.com\/de\/legal\/cookie-richtlinie\/\",\"name\":\"Cookie-Richtlinie (DSGVO & TTDSG konform) - Graham Miranda Hosting\",\"isPartOf\":{\"@id\":\"https:\/\/hosting.grahammiranda.com\/de\/#website\"},\"datePublished\":\"2025-10-26T17:52:11+00:00\",\"dateModified\":\"2025-10-26T17:58:05+00:00\",\"description\":\"Unsere Cookie-Richtlinie erkl\u00e4rt die Verwendung von Cookies. TTDSG \u00a7 25 und DSGVO-konform mit granularer Einwilligungsverwaltung. Transparent.\",\"breadcrumb\":{\"@id\":\"https:\/\/hosting.grahammiranda.com\/de\/legal\/cookie-richtlinie\/#breadcrumb\"},\"inLanguage\":\"de\",\"potentialAction\":[{\"@type\":\"ReadAction\",\"target\":[\"https:\/\/hosting.grahammiranda.com\/de\/legal\/cookie-richtlinie\/\"]}]},{\"@type\":\"BreadcrumbList\",\"@id\":\"https:\/\/hosting.grahammiranda.com\/de\/legal\/cookie-richtlinie\/#breadcrumb\",\"itemListElement\":[{\"@type\":\"ListItem\",\"position\":1,\"name\":\"Home\",\"item\":\"https:\/\/hosting.grahammiranda.com\/\"},{\"@type\":\"ListItem\",\"position\":2,\"name\":\"Cookie-Richtlinie\"}]},{\"@type\":\"WebSite\",\"@id\":\"https:\/\/hosting.grahammiranda.com\/de\/#website\",\"url\":\"https:\/\/hosting.grahammiranda.com\/de\/\",\"name\":\"Graham Miranda Hosting\",\"description\":\"\",\"publisher\":{\"@id\":\"https:\/\/hosting.grahammiranda.com\/de\/#organization\"},\"potentialAction\":[{\"@type\":\"SearchAction\",\"target\":{\"@type\":\"EntryPoint\",\"urlTemplate\":\"https:\/\/hosting.grahammiranda.com\/de\/?s={search_term_string}\"},\"query-input\":{\"@type\":\"PropertyValueSpecification\",\"valueRequired\":true,\"valueName\":\"search_term_string\"}}],\"inLanguage\":\"de\"},{\"@type\":\"Organization\",\"@id\":\"https:\/\/hosting.grahammiranda.com\/de\/#organization\",\"name\":\"Graham Miranda\",\"url\":\"https:\/\/hosting.grahammiranda.com\/de\/\",\"logo\":{\"@type\":\"ImageObject\",\"inLanguage\":\"de\",\"@id\":\"https:\/\/hosting.grahammiranda.com\/de\/#\/schema\/logo\/image\/\",\"url\":\"https:\/\/hosting.grahammiranda.com\/wp-content\/uploads\/2025\/10\/IMAGEFINAL-img-scaled.webp\",\"contentUrl\":\"https:\/\/hosting.grahammiranda.com\/wp-content\/uploads\/2025\/10\/IMAGEFINAL-img-scaled.webp\",\"width\":2560,\"height\":2560,\"caption\":\"Graham Miranda\"},\"image\":{\"@id\":\"https:\/\/hosting.grahammiranda.com\/de\/#\/schema\/logo\/image\/\"}}]}<\/script>\n<!-- \/ Yoast SEO Premium plugin. -->","yoast_head_json":{"title":"Cookie-Richtlinie (DSGVO & TTDSG konform) - Graham Miranda Hosting","description":"Unsere Cookie-Richtlinie erkl\u00e4rt die Verwendung von Cookies. TTDSG \u00a7 25 und DSGVO-konform mit granularer Einwilligungsverwaltung. Transparent.","robots":{"index":"index","follow":"follow","max-snippet":"max-snippet:-1","max-image-preview":"max-image-preview:large","max-video-preview":"max-video-preview:-1"},"canonical":"https:\/\/hosting.grahammiranda.com\/de\/legal\/cookie-richtlinie\/","og_locale":"de_DE","og_type":"article","og_title":"Cookie-Richtlinie - DSGVO & TTDSG konform","og_description":"Erfahren Sie, wie wir Cookies verwenden. Vollst\u00e4ndige Transparenz mit DSGVO- und TTDSG-Konformit\u00e4t f\u00fcr Hosting-Dienste.","og_url":"https:\/\/hosting.grahammiranda.com\/de\/legal\/cookie-richtlinie\/","og_site_name":"Graham Miranda Hosting","article_modified_time":"2025-10-26T17:58:05+00:00","twitter_card":"summary_large_image","twitter_title":"Cookie-Richtlinie - DSGVO & TTDSG konform","twitter_description":"Erfahren Sie, wie wir Cookies verwenden. Vollst\u00e4ndige Transparenz mit DSGVO- und TTDSG-Konformit\u00e4t f\u00fcr Hosting-Dienste.","twitter_misc":{"Gesch\u00e4tzte Lesezeit":"5\u00a0Minuten"},"schema":{"@context":"https:\/\/schema.org","@graph":[{"@type":"WebPage","@id":"https:\/\/hosting.grahammiranda.com\/de\/legal\/cookie-richtlinie\/","url":"https:\/\/hosting.grahammiranda.com\/de\/legal\/cookie-richtlinie\/","name":"Cookie-Richtlinie (DSGVO & TTDSG konform) - Graham Miranda Hosting","isPartOf":{"@id":"https:\/\/hosting.grahammiranda.com\/de\/#website"},"datePublished":"2025-10-26T17:52:11+00:00","dateModified":"2025-10-26T17:58:05+00:00","description":"Unsere Cookie-Richtlinie erkl\u00e4rt die Verwendung von Cookies. TTDSG \u00a7 25 und DSGVO-konform mit granularer Einwilligungsverwaltung. Transparent.","breadcrumb":{"@id":"https:\/\/hosting.grahammiranda.com\/de\/legal\/cookie-richtlinie\/#breadcrumb"},"inLanguage":"de","potentialAction":[{"@type":"ReadAction","target":["https:\/\/hosting.grahammiranda.com\/de\/legal\/cookie-richtlinie\/"]}]},{"@type":"BreadcrumbList","@id":"https:\/\/hosting.grahammiranda.com\/de\/legal\/cookie-richtlinie\/#breadcrumb","itemListElement":[{"@type":"ListItem","position":1,"name":"Home","item":"https:\/\/hosting.grahammiranda.com\/"},{"@type":"ListItem","position":2,"name":"Cookie-Richtlinie"}]},{"@type":"WebSite","@id":"https:\/\/hosting.grahammiranda.com\/de\/#website","url":"https:\/\/hosting.grahammiranda.com\/de\/","name":"Graham Miranda Hosting","description":"","publisher":{"@id":"https:\/\/hosting.grahammiranda.com\/de\/#organization"},"potentialAction":[{"@type":"SearchAction","target":{"@type":"EntryPoint","urlTemplate":"https:\/\/hosting.grahammiranda.com\/de\/?s={search_term_string}"},"query-input":{"@type":"PropertyValueSpecification","valueRequired":true,"valueName":"search_term_string"}}],"inLanguage":"de"},{"@type":"Organization","@id":"https:\/\/hosting.grahammiranda.com\/de\/#organization","name":"Graham Miranda","url":"https:\/\/hosting.grahammiranda.com\/de\/","logo":{"@type":"ImageObject","inLanguage":"de","@id":"https:\/\/hosting.grahammiranda.com\/de\/#\/schema\/logo\/image\/","url":"https:\/\/hosting.grahammiranda.com\/wp-content\/uploads\/2025\/10\/IMAGEFINAL-img-scaled.webp","contentUrl":"https:\/\/hosting.grahammiranda.com\/wp-content\/uploads\/2025\/10\/IMAGEFINAL-img-scaled.webp","width":2560,"height":2560,"caption":"Graham Miranda"},"image":{"@id":"https:\/\/hosting.grahammiranda.com\/de\/#\/schema\/logo\/image\/"}}]}},"_links":{"self":[{"href":"https:\/\/hosting.grahammiranda.com\/de\/wp-json\/wp\/v2\/pages\/3862","targetHints":{"allow":["GET"]}}],"collection":[{"href":"https:\/\/hosting.grahammiranda.com\/de\/wp-json\/wp\/v2\/pages"}],"about":[{"href":"https:\/\/hosting.grahammiranda.com\/de\/wp-json\/wp\/v2\/types\/page"}],"author":[{"embeddable":true,"href":"https:\/\/hosting.grahammiranda.com\/de\/wp-json\/wp\/v2\/users\/1"}],"replies":[{"embeddable":true,"href":"https:\/\/hosting.grahammiranda.com\/de\/wp-json\/wp\/v2\/comments?post=3862"}],"version-history":[{"count":3,"href":"https:\/\/hosting.grahammiranda.com\/de\/wp-json\/wp\/v2\/pages\/3862\/revisions"}],"predecessor-version":[{"id":3867,"href":"https:\/\/hosting.grahammiranda.com\/de\/wp-json\/wp\/v2\/pages\/3862\/revisions\/3867"}],"wp:attachment":[{"href":"https:\/\/hosting.grahammiranda.com\/de\/wp-json\/wp\/v2\/media?parent=3862"}],"curies":[{"name":"wp","href":"https:\/\/api.w.org\/{rel}","templated":true}]}}